{"id":6896,"date":"2025-01-03T11:49:15","date_gmt":"2025-01-03T10:49:15","guid":{"rendered":"https:\/\/www.fastfeetgrinded.eu\/?page_id=6896"},"modified":"2025-01-03T11:49:51","modified_gmt":"2025-01-03T10:49:51","slug":"autres-produits","status":"publish","type":"page","link":"https:\/\/www.fastfeetgrinded.eu\/fr\/produits\/autres-produits\/","title":{"rendered":"Autres produits"},"content":{"rendered":"<div class=\"wpb-content-wrapper\">[vc_row][vc_column][vc_column_text animation_delay=\u00a0\u00bb0&Prime; css=\u00a0\u00bb\u00a0\u00bb]\n<h1 style=\"text-align: center;\"><em>Fabriqu\u00e9es \u00e0 partir de chaussures recycl\u00e9es<\/em><\/h1>\n[\/vc_column_text]<span class=\"et-gap et-clearfix et-gap-808681\"><\/span>[\/vc_column][\/vc_row][vc_row][vc_column width=\u00a0\u00bb2\/3&Prime;][vc_column_text animation_delay=\u00a0\u00bb0&Prime; css=\u00a0\u00bb\u00a0\u00bb]\n<h2>Autres produits<\/h2>\n[\/vc_column_text]<span class=\"et-gap et-clearfix et-gap-229286\"><\/span>[vc_media_grid element_width=\u00a0\u00bb3&Prime; css=\u00a0\u00bb\u00a0\u00bb initial_loading_animation=\u00a0\u00bbnone\u00a0\u00bb grid_id=\u00a0\u00bbvc_gid:1735901368636-f02fd341-7369-10&Prime; include=\u00a0\u00bb6767&Prime;]<span class=\"et-gap et-clearfix et-gap-229286\"><\/span>[\/vc_column][vc_column width=\u00a0\u00bb1\/3&Prime;]<div class=\"templatera_shortcode\"><div class=\"vc_row wpb_row vc_row-fluid vc_column-gap-24\" >\n\t<div class=\"container et-clearfix\">\n\t\t<div class=\"wpb_column vc_column_container vc_col-sm-12 text-align-none\" >\n\t<div class=\"vc_column-inner \" >\n\t\t<div class=\"wpb_wrapper\">\n\t\t\t\n<div class=\"wpb_text_column wpb_content_element \"  data-animation-delay=\"0\">\n\t<div class=\"wpb_wrapper\">\n\t\t<h3>Tous les produits<\/h3>\n\t<\/div>\n<\/div>\n\n<div  class=\"vc_wp_custommenu wpb_content_element marginTop30\"><div class=\"widget widget_nav_menu\"><div class=\"menu-products-container\"><ul id=\"menu-products\" class=\"menu\"><li id=\"menu-item-6035\" class=\"menu-item menu-item-type-post_type menu-item-object-page menu-item-6035\"><a href=\"https:\/\/www.fastfeetgrinded.eu\/products\/footwear\/\">Chaussures<\/a><\/li>\n<li id=\"menu-item-6034\" class=\"menu-item menu-item-type-post_type menu-item-object-page menu-item-6034\"><a href=\"https:\/\/www.fastfeetgrinded.eu\/products\/pos-materials\/\">Mat\u00e9riel de PLV<\/a><\/li>\n<li id=\"menu-item-6033\" class=\"menu-item menu-item-type-post_type menu-item-object-page menu-item-6033\"><a href=\"https:\/\/www.fastfeetgrinded.eu\/products\/furniture\/\">Mobilier<\/a><\/li>\n<li id=\"menu-item-6032\" class=\"menu-item menu-item-type-post_type menu-item-object-page menu-item-6032\"><a href=\"https:\/\/www.fastfeetgrinded.eu\/products\/sport\/\">Sport (rev\u00eatement de sol)<\/a><\/li>\n<li id=\"menu-item-6031\" class=\"menu-item menu-item-type-post_type menu-item-object-page menu-item-6031\"><a href=\"https:\/\/www.fastfeetgrinded.eu\/products\/other-products\/\">Autres produits<\/a><\/li>\n<\/ul><\/div><\/div><\/div>\t\t<\/div>\n\t\t\t<\/div>\n<\/div>\t<\/div>\n\t\t<\/div><\/div>[\/vc_column][\/vc_row]\n<\/div>","protected":false},"excerpt":{"rendered":"Fabriqu\u00e9es \u00e0 partir de chaussures recycl\u00e9es Autres produits Tous les produits Chaussures Mat\u00e9riel de PLV Mobilier Sport (rev\u00eatement de sol) Autres produits","protected":false},"author":1,"featured_media":0,"parent":6786,"menu_order":0,"comment_status":"closed","ping_status":"closed","template":"page-vc.php","meta":{"_acf_changed":false,"footnotes":"","_links_to":"","_links_to_target":""},"class_list":["post-6896","page","type-page","status-publish","hentry"],"acf":[],"yoast_head":"<!-- This site is optimized with the Yoast SEO plugin v27.4 - https:\/\/yoast.com\/product\/yoast-seo-wordpress\/ -->\n<title>Autres produits | Fast Feet Grinded<\/title>\n<meta name=\"robots\" content=\"index, follow, max-snippet:-1, max-image-preview:large, max-video-preview:-1\" \/>\n<link rel=\"canonical\" href=\"https:\/\/www.fastfeetgrinded.eu\/fr\/produits\/autres-produits\/\" \/>\n<meta property=\"og:locale\" content=\"fr_FR\" \/>\n<meta property=\"og:type\" content=\"article\" \/>\n<meta property=\"og:title\" content=\"Autres produits | Fast Feet Grinded\" \/>\n<meta property=\"og:url\" content=\"https:\/\/www.fastfeetgrinded.eu\/fr\/produits\/autres-produits\/\" \/>\n<meta property=\"og:site_name\" content=\"Fast Feet Grinded\" \/>\n<meta property=\"article:publisher\" content=\"https:\/\/www.facebook.com\/fastfeetgrinded\/\" \/>\n<meta property=\"article:modified_time\" content=\"2025-01-03T10:49:51+00:00\" \/>\n<meta name=\"twitter:card\" content=\"summary_large_image\" \/>\n<meta name=\"twitter:label1\" content=\"Dur\u00e9e de lecture estim\u00e9e\" \/>\n\t<meta name=\"twitter:data1\" content=\"1 minute\" \/>\n<script type=\"application\/ld+json\" class=\"yoast-schema-graph\">{\"@context\":\"https:\\\/\\\/schema.org\",\"@graph\":[{\"@type\":\"WebPage\",\"@id\":\"https:\\\/\\\/www.fastfeetgrinded.eu\\\/fr\\\/produits\\\/autres-produits\\\/\",\"url\":\"https:\\\/\\\/www.fastfeetgrinded.eu\\\/fr\\\/produits\\\/autres-produits\\\/\",\"name\":\"Autres produits | Fast Feet Grinded\",\"isPartOf\":{\"@id\":\"https:\\\/\\\/www.fastfeetgrinded.eu\\\/fr\\\/#website\"},\"datePublished\":\"2025-01-03T10:49:15+00:00\",\"dateModified\":\"2025-01-03T10:49:51+00:00\",\"breadcrumb\":{\"@id\":\"https:\\\/\\\/www.fastfeetgrinded.eu\\\/fr\\\/produits\\\/autres-produits\\\/#breadcrumb\"},\"inLanguage\":\"fr-FR\",\"potentialAction\":[{\"@type\":\"ReadAction\",\"target\":[\"https:\\\/\\\/www.fastfeetgrinded.eu\\\/fr\\\/produits\\\/autres-produits\\\/\"]}]},{\"@type\":\"BreadcrumbList\",\"@id\":\"https:\\\/\\\/www.fastfeetgrinded.eu\\\/fr\\\/produits\\\/autres-produits\\\/#breadcrumb\",\"itemListElement\":[{\"@type\":\"ListItem\",\"position\":1,\"name\":\"Home\",\"item\":\"https:\\\/\\\/www.fastfeetgrinded.eu\\\/fr\\\/\"},{\"@type\":\"ListItem\",\"position\":2,\"name\":\"Produits\",\"item\":\"https:\\\/\\\/www.fastfeetgrinded.eu\\\/fr\\\/produits\\\/\"},{\"@type\":\"ListItem\",\"position\":3,\"name\":\"Autres produits\"}]},{\"@type\":\"WebSite\",\"@id\":\"https:\\\/\\\/www.fastfeetgrinded.eu\\\/fr\\\/#website\",\"url\":\"https:\\\/\\\/www.fastfeetgrinded.eu\\\/fr\\\/\",\"name\":\"Fast Feet Grinded\",\"description\":\"Waste managament solutions\",\"publisher\":{\"@id\":\"https:\\\/\\\/www.fastfeetgrinded.eu\\\/fr\\\/#organization\"},\"potentialAction\":[{\"@type\":\"SearchAction\",\"target\":{\"@type\":\"EntryPoint\",\"urlTemplate\":\"https:\\\/\\\/www.fastfeetgrinded.eu\\\/fr\\\/?s={search_term_string}\"},\"query-input\":{\"@type\":\"PropertyValueSpecification\",\"valueRequired\":true,\"valueName\":\"search_term_string\"}}],\"inLanguage\":\"fr-FR\"},{\"@type\":\"Organization\",\"@id\":\"https:\\\/\\\/www.fastfeetgrinded.eu\\\/fr\\\/#organization\",\"name\":\"Fast Feet Grinded\",\"url\":\"https:\\\/\\\/www.fastfeetgrinded.eu\\\/fr\\\/\",\"logo\":{\"@type\":\"ImageObject\",\"inLanguage\":\"fr-FR\",\"@id\":\"https:\\\/\\\/www.fastfeetgrinded.eu\\\/fr\\\/#\\\/schema\\\/logo\\\/image\\\/\",\"url\":\"https:\\\/\\\/www.fastfeetgrinded.eu\\\/wp-content\\\/uploads\\\/2020\\\/09\\\/FastFeetGrinded-Logo-RGB-2022-groen-groen.png\",\"contentUrl\":\"https:\\\/\\\/www.fastfeetgrinded.eu\\\/wp-content\\\/uploads\\\/2020\\\/09\\\/FastFeetGrinded-Logo-RGB-2022-groen-groen.png\",\"width\":2953,\"height\":1182,\"caption\":\"Fast Feet Grinded\"},\"image\":{\"@id\":\"https:\\\/\\\/www.fastfeetgrinded.eu\\\/fr\\\/#\\\/schema\\\/logo\\\/image\\\/\"},\"sameAs\":[\"https:\\\/\\\/www.facebook.com\\\/fastfeetgrinded\\\/\",\"https:\\\/\\\/www.linkedin.com\\\/company\\\/fastfeetgrinded\\\/\",\"https:\\\/\\\/www.instagram.com\\\/fastfeetgrinded\\\/\"]}]}<\/script>\n<!-- \/ Yoast SEO plugin. -->","yoast_head_json":{"title":"Autres produits | Fast Feet Grinded","robots":{"index":"index","follow":"follow","max-snippet":"max-snippet:-1","max-image-preview":"max-image-preview:large","max-video-preview":"max-video-preview:-1"},"canonical":"https:\/\/www.fastfeetgrinded.eu\/fr\/produits\/autres-produits\/","og_locale":"fr_FR","og_type":"article","og_title":"Autres produits | Fast Feet Grinded","og_url":"https:\/\/www.fastfeetgrinded.eu\/fr\/produits\/autres-produits\/","og_site_name":"Fast Feet Grinded","article_publisher":"https:\/\/www.facebook.com\/fastfeetgrinded\/","article_modified_time":"2025-01-03T10:49:51+00:00","twitter_card":"summary_large_image","twitter_misc":{"Dur\u00e9e de lecture estim\u00e9e":"1 minute"},"schema":{"@context":"https:\/\/schema.org","@graph":[{"@type":"WebPage","@id":"https:\/\/www.fastfeetgrinded.eu\/fr\/produits\/autres-produits\/","url":"https:\/\/www.fastfeetgrinded.eu\/fr\/produits\/autres-produits\/","name":"Autres produits | Fast Feet Grinded","isPartOf":{"@id":"https:\/\/www.fastfeetgrinded.eu\/fr\/#website"},"datePublished":"2025-01-03T10:49:15+00:00","dateModified":"2025-01-03T10:49:51+00:00","breadcrumb":{"@id":"https:\/\/www.fastfeetgrinded.eu\/fr\/produits\/autres-produits\/#breadcrumb"},"inLanguage":"fr-FR","potentialAction":[{"@type":"ReadAction","target":["https:\/\/www.fastfeetgrinded.eu\/fr\/produits\/autres-produits\/"]}]},{"@type":"BreadcrumbList","@id":"https:\/\/www.fastfeetgrinded.eu\/fr\/produits\/autres-produits\/#breadcrumb","itemListElement":[{"@type":"ListItem","position":1,"name":"Home","item":"https:\/\/www.fastfeetgrinded.eu\/fr\/"},{"@type":"ListItem","position":2,"name":"Produits","item":"https:\/\/www.fastfeetgrinded.eu\/fr\/produits\/"},{"@type":"ListItem","position":3,"name":"Autres produits"}]},{"@type":"WebSite","@id":"https:\/\/www.fastfeetgrinded.eu\/fr\/#website","url":"https:\/\/www.fastfeetgrinded.eu\/fr\/","name":"Fast Feet Grinded","description":"Waste managament solutions","publisher":{"@id":"https:\/\/www.fastfeetgrinded.eu\/fr\/#organization"},"potentialAction":[{"@type":"SearchAction","target":{"@type":"EntryPoint","urlTemplate":"https:\/\/www.fastfeetgrinded.eu\/fr\/?s={search_term_string}"},"query-input":{"@type":"PropertyValueSpecification","valueRequired":true,"valueName":"search_term_string"}}],"inLanguage":"fr-FR"},{"@type":"Organization","@id":"https:\/\/www.fastfeetgrinded.eu\/fr\/#organization","name":"Fast Feet Grinded","url":"https:\/\/www.fastfeetgrinded.eu\/fr\/","logo":{"@type":"ImageObject","inLanguage":"fr-FR","@id":"https:\/\/www.fastfeetgrinded.eu\/fr\/#\/schema\/logo\/image\/","url":"https:\/\/www.fastfeetgrinded.eu\/wp-content\/uploads\/2020\/09\/FastFeetGrinded-Logo-RGB-2022-groen-groen.png","contentUrl":"https:\/\/www.fastfeetgrinded.eu\/wp-content\/uploads\/2020\/09\/FastFeetGrinded-Logo-RGB-2022-groen-groen.png","width":2953,"height":1182,"caption":"Fast Feet Grinded"},"image":{"@id":"https:\/\/www.fastfeetgrinded.eu\/fr\/#\/schema\/logo\/image\/"},"sameAs":["https:\/\/www.facebook.com\/fastfeetgrinded\/","https:\/\/www.linkedin.com\/company\/fastfeetgrinded\/","https:\/\/www.instagram.com\/fastfeetgrinded\/"]}]}},"_links":{"self":[{"href":"https:\/\/www.fastfeetgrinded.eu\/fr\/wp-json\/wp\/v2\/pages\/6896","targetHints":{"allow":["GET"]}}],"collection":[{"href":"https:\/\/www.fastfeetgrinded.eu\/fr\/wp-json\/wp\/v2\/pages"}],"about":[{"href":"https:\/\/www.fastfeetgrinded.eu\/fr\/wp-json\/wp\/v2\/types\/page"}],"author":[{"embeddable":true,"href":"https:\/\/www.fastfeetgrinded.eu\/fr\/wp-json\/wp\/v2\/users\/1"}],"replies":[{"embeddable":true,"href":"https:\/\/www.fastfeetgrinded.eu\/fr\/wp-json\/wp\/v2\/comments?post=6896"}],"version-history":[{"count":3,"href":"https:\/\/www.fastfeetgrinded.eu\/fr\/wp-json\/wp\/v2\/pages\/6896\/revisions"}],"predecessor-version":[{"id":6899,"href":"https:\/\/www.fastfeetgrinded.eu\/fr\/wp-json\/wp\/v2\/pages\/6896\/revisions\/6899"}],"up":[{"embeddable":true,"href":"https:\/\/www.fastfeetgrinded.eu\/fr\/wp-json\/wp\/v2\/pages\/6786"}],"wp:attachment":[{"href":"https:\/\/www.fastfeetgrinded.eu\/fr\/wp-json\/wp\/v2\/media?parent=6896"}],"curies":[{"name":"wp","href":"https:\/\/api.w.org\/{rel}","templated":true}]}}