{"id":6851,"date":"2025-01-03T11:46:03","date_gmt":"2025-01-03T10:46:03","guid":{"rendered":"https:\/\/www.fastfeetgrinded.eu\/?page_id=6851"},"modified":"2025-01-03T11:47:15","modified_gmt":"2025-01-03T10:47:15","slug":"chaussures","status":"publish","type":"page","link":"https:\/\/www.fastfeetgrinded.eu\/fr\/produits\/chaussures\/","title":{"rendered":"Chaussures"},"content":{"rendered":"<div class=\"wpb-content-wrapper\">[vc_row][vc_column][vc_column_text animation_delay=\u00a0\u00bb0&Prime; css=\u00a0\u00bb\u00a0\u00bb]\n<h1 style=\"text-align: center;\"><em>Fabriqu\u00e9es \u00e0 partir de chaussures recycl\u00e9es<\/em><\/h1>\n[\/vc_column_text]<span class=\"et-gap et-clearfix et-gap-808681\"><\/span>[\/vc_column][\/vc_row][vc_row disable_element=\u00a0\u00bbyes\u00a0\u00bb element_id=\u00a0\u00bb162944&Prime; css=\u00a0\u00bb.vc_custom_1731938182257{margin-bottom: 35px !important;}\u00a0\u00bb][vc_column animation_delay=\u00a0\u00bb0&Prime; width=\u00a0\u00bb1\/3&Prime; element_id=\u00a0\u00bb158869&Prime; el_class=\u00a0\u00bbvc_col-sm-push-8&Prime; crp=\u00a0\u00bb480:i:i,480-768:i:i,768-1024:i:i,1024-1280:i:i,1280-1366:i:i,1366-1600:i:i,1600-1920:i:i\u00a0\u00bb][vc_single_image image=\u00a0\u00bb5832&Prime; img_size=\u00a0\u00bbfull\u00a0\u00bb css=\u00a0\u00bb\u00a0\u00bb]<span class=\"et-gap et-clearfix et-gap-229286\"><\/span>[\/vc_column][vc_column animation_delay=\u00a0\u00bb0&Prime; width=\u00a0\u00bb2\/3&Prime; element_id=\u00a0\u00bb788678&Prime; el_class=\u00a0\u00bbvc_col-sm-pull-4&Prime; crp=\u00a0\u00bb480:i:i,480-768:i:i,768-1024:i:i,1024-1280:i:i,1280-1366:i:i,1366-1600:i:i,1600-1920:i:i\u00a0\u00bb][vc_media_grid css=\u00a0\u00bb\u00a0\u00bb initial_loading_animation=\u00a0\u00bbnone\u00a0\u00bb grid_id=\u00a0\u00bbvc_gid:1735901177334-287b2c3b-2b9a-8&Prime; include=\u00a0\u00bb5832,6789,6790,6802,6801&Prime;][\/vc_column][\/vc_row][vc_row element_id=\u00a0\u00bb339782&Prime; css=\u00a0\u00bb.vc_custom_1730383115931{margin-bottom: 35px !important;}\u00a0\u00bb][vc_column animation_delay=\u00a0\u00bb0&Prime; width=\u00a0\u00bb2\/3&Prime; element_id=\u00a0\u00bb447724&Prime; crp=\u00a0\u00bb480:i:i,480-768:i:i,768-1024:i:i,1024-1280:i:i,1280-1366:i:i,1366-1600:i:i,1600-1920:i:i\u00a0\u00bb][vc_column_text animation_delay=\u00a0\u00bb0&Prime; css=\u00a0\u00bb\u00a0\u00bb]\n<h2>Chaussures<\/h2>\n[\/vc_column_text][vc_column_text animation_delay=\u00a0\u00bb0&Prime; css=\u00a0\u00bb\u00a0\u00bb]\n<h3>Asics Neocurve<\/h3>\n[\/vc_column_text][vc_media_grid css=\u00a0\u00bb\u00a0\u00bb initial_loading_animation=\u00a0\u00bbnone\u00a0\u00bb grid_id=\u00a0\u00bbvc_gid:1735901177336-6db9b2d0-cdd5-10&Prime; include=\u00a0\u00bb6802,6852,6853,6854&Prime;]<span class=\"et-gap et-clearfix et-gap-229286\"><\/span>[vc_column_text animation_delay=\u00a0\u00bb0&Prime; css=\u00a0\u00bb\u00a0\u00bb]\n<h3>FastFeetGrinded<\/h3>\n[\/vc_column_text][vc_media_grid css=\u00a0\u00bb\u00a0\u00bb initial_loading_animation=\u00a0\u00bbnone\u00a0\u00bb grid_id=\u00a0\u00bbvc_gid:1735901177338-2e9f7727-e1c0-5&Prime; include=\u00a0\u00bb5832,6790&Prime;]<span class=\"et-gap et-clearfix et-gap-229286\"><\/span>[vc_column_text animation_delay=\u00a0\u00bb0&Prime; css=\u00a0\u00bb\u00a0\u00bb]\n<h3>VETRN<\/h3>\n[\/vc_column_text][vc_media_grid css=\u00a0\u00bb\u00a0\u00bb initial_loading_animation=\u00a0\u00bbnone\u00a0\u00bb grid_id=\u00a0\u00bbvc_gid:1735901177339-d66a44a7-c831-5&Prime; include=\u00a0\u00bb6789&Prime;]<span class=\"et-gap et-clearfix et-gap-229286\"><\/span>[vc_column_text animation_delay=\u00a0\u00bb0&Prime; css=\u00a0\u00bb\u00a0\u00bb]\n<h3>Moltopu<\/h3>\n[\/vc_column_text][vc_media_grid css=\u00a0\u00bb\u00a0\u00bb initial_loading_animation=\u00a0\u00bbnone\u00a0\u00bb grid_id=\u00a0\u00bbvc_gid:1735901177339-78210a7e-dfab-0&Prime; include=\u00a0\u00bb6801&Prime;]<span class=\"et-gap et-clearfix et-gap-229286\"><\/span>[vc_column_text animation_delay=\u00a0\u00bb0&Prime; css=\u00a0\u00bb\u00a0\u00bb]\n<h3>Bever &#8211; BlueLoop Woolbooth<\/h3>\n[\/vc_column_text][vc_media_grid css=\u00a0\u00bb\u00a0\u00bb initial_loading_animation=\u00a0\u00bbnone\u00a0\u00bb grid_id=\u00a0\u00bbvc_gid:1735901177340-de026136-4546-9&Prime; include=\u00a0\u00bb6888,6880,6887,6875,6883,6876,6872,6867,6865,6864,6859&Prime;]<span class=\"et-gap et-clearfix et-gap-229286\"><\/span>[\/vc_column][vc_column animation_delay=\u00a0\u00bb0&Prime; width=\u00a0\u00bb1\/3&Prime; element_id=\u00a0\u00bb354764&Prime; crp=\u00a0\u00bb480:i:i,480-768:i:i,768-1024:i:i,1024-1280:i:i,1280-1366:i:i,1366-1600:i:i,1600-1920:i:i\u00a0\u00bb]<div class=\"templatera_shortcode\"><div class=\"vc_row wpb_row vc_row-fluid vc_column-gap-24\" >\n\t<div class=\"container et-clearfix\">\n\t\t<div class=\"wpb_column vc_column_container vc_col-sm-12 text-align-none\" >\n\t<div class=\"vc_column-inner \" >\n\t\t<div class=\"wpb_wrapper\">\n\t\t\t\n<div class=\"wpb_text_column wpb_content_element \"  data-animation-delay=\"0\">\n\t<div class=\"wpb_wrapper\">\n\t\t<h3>Tous les produits<\/h3>\n\t<\/div>\n<\/div>\n\n<div  class=\"vc_wp_custommenu wpb_content_element marginTop30\"><div class=\"widget widget_nav_menu\"><div class=\"menu-products-container\"><ul id=\"menu-products\" class=\"menu\"><li id=\"menu-item-6035\" class=\"menu-item menu-item-type-post_type menu-item-object-page menu-item-6035\"><a href=\"https:\/\/www.fastfeetgrinded.eu\/products\/footwear\/\">Chaussures<\/a><\/li>\n<li id=\"menu-item-6034\" class=\"menu-item menu-item-type-post_type menu-item-object-page menu-item-6034\"><a href=\"https:\/\/www.fastfeetgrinded.eu\/products\/pos-materials\/\">Mat\u00e9riel de PLV<\/a><\/li>\n<li id=\"menu-item-6033\" class=\"menu-item menu-item-type-post_type menu-item-object-page menu-item-6033\"><a href=\"https:\/\/www.fastfeetgrinded.eu\/products\/furniture\/\">Mobilier<\/a><\/li>\n<li id=\"menu-item-6032\" class=\"menu-item menu-item-type-post_type menu-item-object-page menu-item-6032\"><a href=\"https:\/\/www.fastfeetgrinded.eu\/products\/sport\/\">Sport (rev\u00eatement de sol)<\/a><\/li>\n<li id=\"menu-item-6031\" class=\"menu-item menu-item-type-post_type menu-item-object-page menu-item-6031\"><a href=\"https:\/\/www.fastfeetgrinded.eu\/products\/other-products\/\">Autres produits<\/a><\/li>\n<\/ul><\/div><\/div><\/div>\t\t<\/div>\n\t\t\t<\/div>\n<\/div>\t<\/div>\n\t\t<\/div><\/div>[\/vc_column][\/vc_row][vc_row disable_element=\u00a0\u00bbyes\u00a0\u00bb element_id=\u00a0\u00bb221013&Prime; css=\u00a0\u00bb.vc_custom_1730984123235{margin-bottom: 35px !important;}\u00a0\u00bb][vc_column width=\u00a0\u00bb1\/2&Prime;]<div id=\"et-video-1\" class=\"et-video\"><a class=\"modal-video-poster video-modal\" href=\"https:\/\/www.fastfeetgrinded.eu\/wp-content\/uploads\/2024\/10\/FFG-Laars-360.mp4\"><img decoding=\"async\" alt=\"Video poster\" src=\"https:\/\/www.fastfeetgrinded.eu\/wp-content\/uploads\/2024\/11\/laars.jpg\" \/><\/a><\/div>[\/vc_column][vc_column width=\u00a0\u00bb1\/2&Prime;][\/vc_column][\/vc_row][vc_row disable_element=\u00a0\u00bbyes\u00a0\u00bb element_id=\u00a0\u00bb830725&Prime;][vc_column width=\u00a0\u00bb1\/3&Prime;]<div id=\"et-image-1\" class=\"et-image et-image-box overlay-hover classic alignnone\" ><div class=\"post-image post-media\"><img decoding=\"async\" width=\"t\" height=\"t\" src=\"https:\/\/www.fastfeetgrinded.eu\/wp-content\/uploads\/2024\/11\/ASICS-NEOCURVE-\u00a9-ASICS-4.jpg\" alt=\"Asics Neocurve\"><\/div><div class=\"post-body et-clearfix\"><div class=\"post-body-inner-wrap\"><div class=\"post-body-inner\"><h4 class=\"post-title entry-title\">Asics Neocurve<\/h4><\/div><\/div><\/div><\/div>[\/vc_column][vc_column width=\u00a0\u00bb1\/3&Prime;][\/vc_column][vc_column width=\u00a0\u00bb1\/3&Prime;][\/vc_column][\/vc_row]\n<\/div>","protected":false},"excerpt":{"rendered":"Fabriqu\u00e9es \u00e0 partir de chaussures recycl\u00e9es Chaussures Asics Neocurve FastFeetGrinded VETRN Moltopu Bever - BlueLoop Woolbooth Tous les produits Chaussures Mat\u00e9riel de PLV Mobilier Sport (rev\u00eatement de sol) Autres produits","protected":false},"author":1,"featured_media":0,"parent":6786,"menu_order":0,"comment_status":"closed","ping_status":"closed","template":"page-vc.php","meta":{"_acf_changed":false,"footnotes":"","_links_to":"","_links_to_target":""},"class_list":["post-6851","page","type-page","status-publish","hentry"],"acf":[],"yoast_head":"<!-- This site is optimized with the Yoast SEO plugin v27.4 - https:\/\/yoast.com\/product\/yoast-seo-wordpress\/ -->\n<title>Chaussures | Fast Feet Grinded<\/title>\n<meta name=\"robots\" content=\"index, follow, max-snippet:-1, max-image-preview:large, max-video-preview:-1\" \/>\n<link rel=\"canonical\" href=\"https:\/\/www.fastfeetgrinded.eu\/fr\/produits\/chaussures\/\" \/>\n<meta property=\"og:locale\" content=\"fr_FR\" \/>\n<meta property=\"og:type\" content=\"article\" \/>\n<meta property=\"og:title\" content=\"Chaussures | Fast Feet Grinded\" \/>\n<meta property=\"og:url\" content=\"https:\/\/www.fastfeetgrinded.eu\/fr\/produits\/chaussures\/\" \/>\n<meta property=\"og:site_name\" content=\"Fast Feet Grinded\" \/>\n<meta property=\"article:publisher\" content=\"https:\/\/www.facebook.com\/fastfeetgrinded\/\" \/>\n<meta property=\"article:modified_time\" content=\"2025-01-03T10:47:15+00:00\" \/>\n<meta name=\"twitter:card\" content=\"summary_large_image\" \/>\n<meta name=\"twitter:label1\" content=\"Dur\u00e9e de lecture estim\u00e9e\" \/>\n\t<meta name=\"twitter:data1\" content=\"6 minutes\" \/>\n<script type=\"application\/ld+json\" class=\"yoast-schema-graph\">{\"@context\":\"https:\\\/\\\/schema.org\",\"@graph\":[{\"@type\":\"WebPage\",\"@id\":\"https:\\\/\\\/www.fastfeetgrinded.eu\\\/fr\\\/produits\\\/chaussures\\\/\",\"url\":\"https:\\\/\\\/www.fastfeetgrinded.eu\\\/fr\\\/produits\\\/chaussures\\\/\",\"name\":\"Chaussures | Fast Feet Grinded\",\"isPartOf\":{\"@id\":\"https:\\\/\\\/www.fastfeetgrinded.eu\\\/fr\\\/#website\"},\"datePublished\":\"2025-01-03T10:46:03+00:00\",\"dateModified\":\"2025-01-03T10:47:15+00:00\",\"breadcrumb\":{\"@id\":\"https:\\\/\\\/www.fastfeetgrinded.eu\\\/fr\\\/produits\\\/chaussures\\\/#breadcrumb\"},\"inLanguage\":\"fr-FR\",\"potentialAction\":[{\"@type\":\"ReadAction\",\"target\":[\"https:\\\/\\\/www.fastfeetgrinded.eu\\\/fr\\\/produits\\\/chaussures\\\/\"]}]},{\"@type\":\"BreadcrumbList\",\"@id\":\"https:\\\/\\\/www.fastfeetgrinded.eu\\\/fr\\\/produits\\\/chaussures\\\/#breadcrumb\",\"itemListElement\":[{\"@type\":\"ListItem\",\"position\":1,\"name\":\"Home\",\"item\":\"https:\\\/\\\/www.fastfeetgrinded.eu\\\/fr\\\/\"},{\"@type\":\"ListItem\",\"position\":2,\"name\":\"Produits\",\"item\":\"https:\\\/\\\/www.fastfeetgrinded.eu\\\/fr\\\/produits\\\/\"},{\"@type\":\"ListItem\",\"position\":3,\"name\":\"Chaussures\"}]},{\"@type\":\"WebSite\",\"@id\":\"https:\\\/\\\/www.fastfeetgrinded.eu\\\/fr\\\/#website\",\"url\":\"https:\\\/\\\/www.fastfeetgrinded.eu\\\/fr\\\/\",\"name\":\"Fast Feet Grinded\",\"description\":\"Waste managament solutions\",\"publisher\":{\"@id\":\"https:\\\/\\\/www.fastfeetgrinded.eu\\\/fr\\\/#organization\"},\"potentialAction\":[{\"@type\":\"SearchAction\",\"target\":{\"@type\":\"EntryPoint\",\"urlTemplate\":\"https:\\\/\\\/www.fastfeetgrinded.eu\\\/fr\\\/?s={search_term_string}\"},\"query-input\":{\"@type\":\"PropertyValueSpecification\",\"valueRequired\":true,\"valueName\":\"search_term_string\"}}],\"inLanguage\":\"fr-FR\"},{\"@type\":\"Organization\",\"@id\":\"https:\\\/\\\/www.fastfeetgrinded.eu\\\/fr\\\/#organization\",\"name\":\"Fast Feet Grinded\",\"url\":\"https:\\\/\\\/www.fastfeetgrinded.eu\\\/fr\\\/\",\"logo\":{\"@type\":\"ImageObject\",\"inLanguage\":\"fr-FR\",\"@id\":\"https:\\\/\\\/www.fastfeetgrinded.eu\\\/fr\\\/#\\\/schema\\\/logo\\\/image\\\/\",\"url\":\"https:\\\/\\\/www.fastfeetgrinded.eu\\\/wp-content\\\/uploads\\\/2020\\\/09\\\/FastFeetGrinded-Logo-RGB-2022-groen-groen.png\",\"contentUrl\":\"https:\\\/\\\/www.fastfeetgrinded.eu\\\/wp-content\\\/uploads\\\/2020\\\/09\\\/FastFeetGrinded-Logo-RGB-2022-groen-groen.png\",\"width\":2953,\"height\":1182,\"caption\":\"Fast Feet Grinded\"},\"image\":{\"@id\":\"https:\\\/\\\/www.fastfeetgrinded.eu\\\/fr\\\/#\\\/schema\\\/logo\\\/image\\\/\"},\"sameAs\":[\"https:\\\/\\\/www.facebook.com\\\/fastfeetgrinded\\\/\",\"https:\\\/\\\/www.linkedin.com\\\/company\\\/fastfeetgrinded\\\/\",\"https:\\\/\\\/www.instagram.com\\\/fastfeetgrinded\\\/\"]}]}<\/script>\n<!-- \/ Yoast SEO plugin. -->","yoast_head_json":{"title":"Chaussures | Fast Feet Grinded","robots":{"index":"index","follow":"follow","max-snippet":"max-snippet:-1","max-image-preview":"max-image-preview:large","max-video-preview":"max-video-preview:-1"},"canonical":"https:\/\/www.fastfeetgrinded.eu\/fr\/produits\/chaussures\/","og_locale":"fr_FR","og_type":"article","og_title":"Chaussures | Fast Feet Grinded","og_url":"https:\/\/www.fastfeetgrinded.eu\/fr\/produits\/chaussures\/","og_site_name":"Fast Feet Grinded","article_publisher":"https:\/\/www.facebook.com\/fastfeetgrinded\/","article_modified_time":"2025-01-03T10:47:15+00:00","twitter_card":"summary_large_image","twitter_misc":{"Dur\u00e9e de lecture estim\u00e9e":"6 minutes"},"schema":{"@context":"https:\/\/schema.org","@graph":[{"@type":"WebPage","@id":"https:\/\/www.fastfeetgrinded.eu\/fr\/produits\/chaussures\/","url":"https:\/\/www.fastfeetgrinded.eu\/fr\/produits\/chaussures\/","name":"Chaussures | Fast Feet Grinded","isPartOf":{"@id":"https:\/\/www.fastfeetgrinded.eu\/fr\/#website"},"datePublished":"2025-01-03T10:46:03+00:00","dateModified":"2025-01-03T10:47:15+00:00","breadcrumb":{"@id":"https:\/\/www.fastfeetgrinded.eu\/fr\/produits\/chaussures\/#breadcrumb"},"inLanguage":"fr-FR","potentialAction":[{"@type":"ReadAction","target":["https:\/\/www.fastfeetgrinded.eu\/fr\/produits\/chaussures\/"]}]},{"@type":"BreadcrumbList","@id":"https:\/\/www.fastfeetgrinded.eu\/fr\/produits\/chaussures\/#breadcrumb","itemListElement":[{"@type":"ListItem","position":1,"name":"Home","item":"https:\/\/www.fastfeetgrinded.eu\/fr\/"},{"@type":"ListItem","position":2,"name":"Produits","item":"https:\/\/www.fastfeetgrinded.eu\/fr\/produits\/"},{"@type":"ListItem","position":3,"name":"Chaussures"}]},{"@type":"WebSite","@id":"https:\/\/www.fastfeetgrinded.eu\/fr\/#website","url":"https:\/\/www.fastfeetgrinded.eu\/fr\/","name":"Fast Feet Grinded","description":"Waste managament solutions","publisher":{"@id":"https:\/\/www.fastfeetgrinded.eu\/fr\/#organization"},"potentialAction":[{"@type":"SearchAction","target":{"@type":"EntryPoint","urlTemplate":"https:\/\/www.fastfeetgrinded.eu\/fr\/?s={search_term_string}"},"query-input":{"@type":"PropertyValueSpecification","valueRequired":true,"valueName":"search_term_string"}}],"inLanguage":"fr-FR"},{"@type":"Organization","@id":"https:\/\/www.fastfeetgrinded.eu\/fr\/#organization","name":"Fast Feet Grinded","url":"https:\/\/www.fastfeetgrinded.eu\/fr\/","logo":{"@type":"ImageObject","inLanguage":"fr-FR","@id":"https:\/\/www.fastfeetgrinded.eu\/fr\/#\/schema\/logo\/image\/","url":"https:\/\/www.fastfeetgrinded.eu\/wp-content\/uploads\/2020\/09\/FastFeetGrinded-Logo-RGB-2022-groen-groen.png","contentUrl":"https:\/\/www.fastfeetgrinded.eu\/wp-content\/uploads\/2020\/09\/FastFeetGrinded-Logo-RGB-2022-groen-groen.png","width":2953,"height":1182,"caption":"Fast Feet Grinded"},"image":{"@id":"https:\/\/www.fastfeetgrinded.eu\/fr\/#\/schema\/logo\/image\/"},"sameAs":["https:\/\/www.facebook.com\/fastfeetgrinded\/","https:\/\/www.linkedin.com\/company\/fastfeetgrinded\/","https:\/\/www.instagram.com\/fastfeetgrinded\/"]}]}},"_links":{"self":[{"href":"https:\/\/www.fastfeetgrinded.eu\/fr\/wp-json\/wp\/v2\/pages\/6851","targetHints":{"allow":["GET"]}}],"collection":[{"href":"https:\/\/www.fastfeetgrinded.eu\/fr\/wp-json\/wp\/v2\/pages"}],"about":[{"href":"https:\/\/www.fastfeetgrinded.eu\/fr\/wp-json\/wp\/v2\/types\/page"}],"author":[{"embeddable":true,"href":"https:\/\/www.fastfeetgrinded.eu\/fr\/wp-json\/wp\/v2\/users\/1"}],"replies":[{"embeddable":true,"href":"https:\/\/www.fastfeetgrinded.eu\/fr\/wp-json\/wp\/v2\/comments?post=6851"}],"version-history":[{"count":3,"href":"https:\/\/www.fastfeetgrinded.eu\/fr\/wp-json\/wp\/v2\/pages\/6851\/revisions"}],"predecessor-version":[{"id":6891,"href":"https:\/\/www.fastfeetgrinded.eu\/fr\/wp-json\/wp\/v2\/pages\/6851\/revisions\/6891"}],"up":[{"embeddable":true,"href":"https:\/\/www.fastfeetgrinded.eu\/fr\/wp-json\/wp\/v2\/pages\/6786"}],"wp:attachment":[{"href":"https:\/\/www.fastfeetgrinded.eu\/fr\/wp-json\/wp\/v2\/media?parent=6851"}],"curies":[{"name":"wp","href":"https:\/\/api.w.org\/{rel}","templated":true}]}}