{"id":6761,"date":"2025-01-03T11:17:13","date_gmt":"2025-01-03T10:17:13","guid":{"rendered":"https:\/\/www.fastfeetgrinded.eu\/?page_id=6761"},"modified":"2025-01-03T11:18:36","modified_gmt":"2025-01-03T10:18:36","slug":"ressources","status":"publish","type":"page","link":"https:\/\/www.fastfeetgrinded.eu\/fr\/ressources\/","title":{"rendered":"Ressources"},"content":{"rendered":"<div class=\"wpb-content-wrapper\">[vc_row][vc_column][vc_column_text animation_delay=\u00a0\u00bb0&Prime; css=\u00a0\u00bb\u00a0\u00bb]\n<h1 style=\"text-align: center;\"><em>Ressources<\/em><\/h1>\n[\/vc_column_text][vc_empty_space][\/vc_column][\/vc_row][vc_row][vc_column]<div id=\"et-shortcode-projects-815477\" class=\"et-shortcode-projects project-layout medium project-with-details grid gap-true image-full-false project-container-wide\"><div class=\"loop-posts loop-project et-item-set overlay-fade-zoom effect-none et-clearfix lazy lazy-load\" data-columns=\"3\" data-autoplay=\"false\"><article class=\"et-item post post-6765 project type-project status-publish has-post-thumbnail hentry\" id=\"project-6765\"><div class=\"post-inner et-item-inner et-clearfix\"><div class=\"overlay-hover\"><div class=\"post-image post-media\"><a href=\"https:\/\/www.fastfeetgrinded.eu\/fr\/project\/mousse\/\" title=\"Read more about Mousse\" rel=\"bookmark\"><div class=\"post-image-overlay\"><div class=\"post-image-overlay-content\"><span class=\"overlay-read-more\"><\/span><\/div><\/div><\/a><div class=\"image-container\"><div class=\"image-preloader\"><\/div><img decoding=\"async\" width=\"640\" height=\"400\" src=\"https:\/\/www.fastfeetgrinded.eu\/wp-content\/uploads\/2024\/10\/FFG_Rubber4-640x400.jpg\" class=\"attachment-samatex_640X400 size-samatex_640X400 wp-post-image\" alt=\"Mousse\" data-responsive-images=\"false\" \/><\/div><\/div><div class=\"post-body et-clearfix\"><div class=\"post-body-inner-wrap\"><div class=\"post-body-inner\"><div class=\"project-category\"><\/div><h4 class=\"post-title entry-title\"><a href=\"https:\/\/www.fastfeetgrinded.eu\/fr\/project\/mousse\/\" title=\"Read more about Mousse\" rel=\"bookmark\">Mousse<\/a><\/h4><\/div><\/div><\/div><\/div><\/div><\/article><article class=\"et-item post post-6771 project type-project status-publish has-post-thumbnail hentry\" id=\"project-6771\"><div class=\"post-inner et-item-inner et-clearfix\"><div class=\"overlay-hover\"><div class=\"post-image post-media\"><a href=\"https:\/\/www.fastfeetgrinded.eu\/fr\/project\/textile\/\" title=\"Read more about Textile\" rel=\"bookmark\"><div class=\"post-image-overlay\"><div class=\"post-image-overlay-content\"><span class=\"overlay-read-more\"><\/span><\/div><\/div><\/a><div class=\"image-container\"><div class=\"image-preloader\"><\/div><img decoding=\"async\" width=\"640\" height=\"400\" src=\"https:\/\/www.fastfeetgrinded.eu\/wp-content\/uploads\/2024\/10\/FFG_Textiel1-640x400.jpg\" class=\"attachment-samatex_640X400 size-samatex_640X400 wp-post-image\" alt=\"Textile\" data-responsive-images=\"false\" \/><\/div><\/div><div class=\"post-body et-clearfix\"><div class=\"post-body-inner-wrap\"><div class=\"post-body-inner\"><div class=\"project-category\"><\/div><h4 class=\"post-title entry-title\"><a href=\"https:\/\/www.fastfeetgrinded.eu\/fr\/project\/textile\/\" title=\"Read more about Textile\" rel=\"bookmark\">Textile<\/a><\/h4><\/div><\/div><\/div><\/div><\/div><\/article><article class=\"et-item post post-6775 project type-project status-publish has-post-thumbnail hentry\" id=\"project-6775\"><div class=\"post-inner et-item-inner et-clearfix\"><div class=\"overlay-hover\"><div class=\"post-image post-media\"><a href=\"https:\/\/www.fastfeetgrinded.eu\/fr\/project\/caoutchouc\/\" title=\"Read more about Caoutchouc\" rel=\"bookmark\"><div class=\"post-image-overlay\"><div class=\"post-image-overlay-content\"><span class=\"overlay-read-more\"><\/span><\/div><\/div><\/a><div class=\"image-container\"><div class=\"image-preloader\"><\/div><img decoding=\"async\" width=\"640\" height=\"400\" src=\"https:\/\/www.fastfeetgrinded.eu\/wp-content\/uploads\/2024\/10\/FFG_Rubber-640x400.jpg\" class=\"attachment-samatex_640X400 size-samatex_640X400 wp-post-image\" alt=\"Caoutchouc\" data-responsive-images=\"false\" \/><\/div><\/div><div class=\"post-body et-clearfix\"><div class=\"post-body-inner-wrap\"><div class=\"post-body-inner\"><div class=\"project-category\"><\/div><h4 class=\"post-title entry-title\"><a href=\"https:\/\/www.fastfeetgrinded.eu\/fr\/project\/caoutchouc\/\" title=\"Read more about Caoutchouc\" rel=\"bookmark\">Caoutchouc<\/a><\/h4><\/div><\/div><\/div><\/div><\/div><\/article><article class=\"et-item post post-6779 project type-project status-publish has-post-thumbnail hentry\" id=\"project-6779\"><div class=\"post-inner et-item-inner et-clearfix\"><div class=\"overlay-hover\"><div class=\"post-image post-media\"><a href=\"https:\/\/www.fastfeetgrinded.eu\/fr\/project\/duvet\/\" title=\"Read more about Duvet\" rel=\"bookmark\"><div class=\"post-image-overlay\"><div class=\"post-image-overlay-content\"><span class=\"overlay-read-more\"><\/span><\/div><\/div><\/a><div class=\"image-container\"><div class=\"image-preloader\"><\/div><img decoding=\"async\" width=\"640\" height=\"400\" src=\"https:\/\/www.fastfeetgrinded.eu\/wp-content\/uploads\/2024\/10\/FFG_Fluff-640x400.jpg\" class=\"attachment-samatex_640X400 size-samatex_640X400 wp-post-image\" alt=\"Duvet\" data-responsive-images=\"false\" \/><\/div><\/div><div class=\"post-body et-clearfix\"><div class=\"post-body-inner-wrap\"><div class=\"post-body-inner\"><div class=\"project-category\"><\/div><h4 class=\"post-title entry-title\"><a href=\"https:\/\/www.fastfeetgrinded.eu\/fr\/project\/duvet\/\" title=\"Read more about Duvet\" rel=\"bookmark\">Duvet<\/a><\/h4><\/div><\/div><\/div><\/div><\/div><\/article><article class=\"et-item post post-6782 project type-project status-publish has-post-thumbnail hentry\" id=\"project-6782\"><div class=\"post-inner et-item-inner et-clearfix\"><div class=\"overlay-hover\"><div class=\"post-image post-media\"><a href=\"https:\/\/www.fastfeetgrinded.eu\/fr\/project\/cuir\/\" title=\"Read more about Cuir\" rel=\"bookmark\"><div class=\"post-image-overlay\"><div class=\"post-image-overlay-content\"><span class=\"overlay-read-more\"><\/span><\/div><\/div><\/a><div class=\"image-container\"><div class=\"image-preloader\"><\/div><img decoding=\"async\" width=\"640\" height=\"400\" src=\"https:\/\/www.fastfeetgrinded.eu\/wp-content\/uploads\/2024\/10\/FFG_Leer-640x400.jpg\" class=\"attachment-samatex_640X400 size-samatex_640X400 wp-post-image\" alt=\"Cuir\" data-responsive-images=\"false\" \/><\/div><\/div><div class=\"post-body et-clearfix\"><div class=\"post-body-inner-wrap\"><div class=\"post-body-inner\"><div class=\"project-category\"><\/div><h4 class=\"post-title entry-title\"><a href=\"https:\/\/www.fastfeetgrinded.eu\/fr\/project\/cuir\/\" title=\"Read more about Cuir\" rel=\"bookmark\">Cuir<\/a><\/h4><\/div><\/div><\/div><\/div><\/div><\/article><\/div><\/div>[\/vc_column][\/vc_row]\n<\/div>","protected":false},"excerpt":{"rendered":"<p>[vc_row][vc_column][vc_column_text animation_delay=\u00a0\u00bb0&Prime; css=\u00a0\u00bb\u00a0\u00bb] Ressources [\/vc_column_text][vc_empty_space][\/vc_column][\/vc_row][vc_row][vc_column][\/vc_column][\/vc_row]<\/p>\n","protected":false},"author":1,"featured_media":0,"parent":0,"menu_order":0,"comment_status":"closed","ping_status":"closed","template":"page-vc.php","meta":{"_acf_changed":false,"footnotes":"","_links_to":"","_links_to_target":""},"class_list":["post-6761","page","type-page","status-publish","hentry"],"acf":[],"yoast_head":"<!-- This site is optimized with the Yoast SEO plugin v27.4 - https:\/\/yoast.com\/product\/yoast-seo-wordpress\/ -->\n<title>FastFeetGrinded - Mat\u00e9riaux recycl\u00e9s<\/title>\n<meta name=\"description\" content=\"Nous recyclons 100 % des chaussures gr\u00e2ce \u00e0 notre technologie avanc\u00e9e et livrons des mat\u00e9riaux comme le caoutchouc, le textile et le cuir.\" \/>\n<meta name=\"robots\" content=\"index, follow, max-snippet:-1, max-image-preview:large, max-video-preview:-1\" \/>\n<link rel=\"canonical\" href=\"https:\/\/www.fastfeetgrinded.eu\/fr\/ressources\/\" \/>\n<meta property=\"og:locale\" content=\"fr_FR\" \/>\n<meta property=\"og:type\" content=\"article\" \/>\n<meta property=\"og:title\" content=\"FastFeetGrinded - Mat\u00e9riaux recycl\u00e9s\" \/>\n<meta property=\"og:description\" content=\"Nous recyclons 100 % des chaussures gr\u00e2ce \u00e0 notre technologie avanc\u00e9e et livrons des mat\u00e9riaux comme le caoutchouc, le textile et le cuir.\" \/>\n<meta property=\"og:url\" content=\"https:\/\/www.fastfeetgrinded.eu\/fr\/ressources\/\" \/>\n<meta property=\"og:site_name\" content=\"Fast Feet Grinded\" \/>\n<meta property=\"article:publisher\" content=\"https:\/\/www.facebook.com\/fastfeetgrinded\/\" \/>\n<meta property=\"article:modified_time\" content=\"2025-01-03T10:18:36+00:00\" \/>\n<meta name=\"twitter:card\" content=\"summary_large_image\" \/>\n<meta name=\"twitter:label1\" content=\"Dur\u00e9e de lecture estim\u00e9e\" \/>\n\t<meta name=\"twitter:data1\" content=\"1 minute\" \/>\n<script type=\"application\/ld+json\" class=\"yoast-schema-graph\">{\"@context\":\"https:\\\/\\\/schema.org\",\"@graph\":[{\"@type\":\"WebPage\",\"@id\":\"https:\\\/\\\/www.fastfeetgrinded.eu\\\/fr\\\/ressources\\\/\",\"url\":\"https:\\\/\\\/www.fastfeetgrinded.eu\\\/fr\\\/ressources\\\/\",\"name\":\"FastFeetGrinded - Mat\u00e9riaux recycl\u00e9s\",\"isPartOf\":{\"@id\":\"https:\\\/\\\/www.fastfeetgrinded.eu\\\/fr\\\/#website\"},\"datePublished\":\"2025-01-03T10:17:13+00:00\",\"dateModified\":\"2025-01-03T10:18:36+00:00\",\"description\":\"Nous recyclons 100 % des chaussures gr\u00e2ce \u00e0 notre technologie avanc\u00e9e et livrons des mat\u00e9riaux comme le caoutchouc, le textile et le cuir.\",\"breadcrumb\":{\"@id\":\"https:\\\/\\\/www.fastfeetgrinded.eu\\\/fr\\\/ressources\\\/#breadcrumb\"},\"inLanguage\":\"fr-FR\",\"potentialAction\":[{\"@type\":\"ReadAction\",\"target\":[\"https:\\\/\\\/www.fastfeetgrinded.eu\\\/fr\\\/ressources\\\/\"]}]},{\"@type\":\"BreadcrumbList\",\"@id\":\"https:\\\/\\\/www.fastfeetgrinded.eu\\\/fr\\\/ressources\\\/#breadcrumb\",\"itemListElement\":[{\"@type\":\"ListItem\",\"position\":1,\"name\":\"Home\",\"item\":\"https:\\\/\\\/www.fastfeetgrinded.eu\\\/fr\\\/\"},{\"@type\":\"ListItem\",\"position\":2,\"name\":\"Ressources\"}]},{\"@type\":\"WebSite\",\"@id\":\"https:\\\/\\\/www.fastfeetgrinded.eu\\\/fr\\\/#website\",\"url\":\"https:\\\/\\\/www.fastfeetgrinded.eu\\\/fr\\\/\",\"name\":\"Fast Feet Grinded\",\"description\":\"Waste managament solutions\",\"publisher\":{\"@id\":\"https:\\\/\\\/www.fastfeetgrinded.eu\\\/fr\\\/#organization\"},\"potentialAction\":[{\"@type\":\"SearchAction\",\"target\":{\"@type\":\"EntryPoint\",\"urlTemplate\":\"https:\\\/\\\/www.fastfeetgrinded.eu\\\/fr\\\/?s={search_term_string}\"},\"query-input\":{\"@type\":\"PropertyValueSpecification\",\"valueRequired\":true,\"valueName\":\"search_term_string\"}}],\"inLanguage\":\"fr-FR\"},{\"@type\":\"Organization\",\"@id\":\"https:\\\/\\\/www.fastfeetgrinded.eu\\\/fr\\\/#organization\",\"name\":\"Fast Feet Grinded\",\"url\":\"https:\\\/\\\/www.fastfeetgrinded.eu\\\/fr\\\/\",\"logo\":{\"@type\":\"ImageObject\",\"inLanguage\":\"fr-FR\",\"@id\":\"https:\\\/\\\/www.fastfeetgrinded.eu\\\/fr\\\/#\\\/schema\\\/logo\\\/image\\\/\",\"url\":\"https:\\\/\\\/www.fastfeetgrinded.eu\\\/wp-content\\\/uploads\\\/2020\\\/09\\\/FastFeetGrinded-Logo-RGB-2022-groen-groen.png\",\"contentUrl\":\"https:\\\/\\\/www.fastfeetgrinded.eu\\\/wp-content\\\/uploads\\\/2020\\\/09\\\/FastFeetGrinded-Logo-RGB-2022-groen-groen.png\",\"width\":2953,\"height\":1182,\"caption\":\"Fast Feet Grinded\"},\"image\":{\"@id\":\"https:\\\/\\\/www.fastfeetgrinded.eu\\\/fr\\\/#\\\/schema\\\/logo\\\/image\\\/\"},\"sameAs\":[\"https:\\\/\\\/www.facebook.com\\\/fastfeetgrinded\\\/\",\"https:\\\/\\\/www.linkedin.com\\\/company\\\/fastfeetgrinded\\\/\",\"https:\\\/\\\/www.instagram.com\\\/fastfeetgrinded\\\/\"]}]}<\/script>\n<!-- \/ Yoast SEO plugin. -->","yoast_head_json":{"title":"FastFeetGrinded - Mat\u00e9riaux recycl\u00e9s","description":"Nous recyclons 100 % des chaussures gr\u00e2ce \u00e0 notre technologie avanc\u00e9e et livrons des mat\u00e9riaux comme le caoutchouc, le textile et le cuir.","robots":{"index":"index","follow":"follow","max-snippet":"max-snippet:-1","max-image-preview":"max-image-preview:large","max-video-preview":"max-video-preview:-1"},"canonical":"https:\/\/www.fastfeetgrinded.eu\/fr\/ressources\/","og_locale":"fr_FR","og_type":"article","og_title":"FastFeetGrinded - Mat\u00e9riaux recycl\u00e9s","og_description":"Nous recyclons 100 % des chaussures gr\u00e2ce \u00e0 notre technologie avanc\u00e9e et livrons des mat\u00e9riaux comme le caoutchouc, le textile et le cuir.","og_url":"https:\/\/www.fastfeetgrinded.eu\/fr\/ressources\/","og_site_name":"Fast Feet Grinded","article_publisher":"https:\/\/www.facebook.com\/fastfeetgrinded\/","article_modified_time":"2025-01-03T10:18:36+00:00","twitter_card":"summary_large_image","twitter_misc":{"Dur\u00e9e de lecture estim\u00e9e":"1 minute"},"schema":{"@context":"https:\/\/schema.org","@graph":[{"@type":"WebPage","@id":"https:\/\/www.fastfeetgrinded.eu\/fr\/ressources\/","url":"https:\/\/www.fastfeetgrinded.eu\/fr\/ressources\/","name":"FastFeetGrinded - Mat\u00e9riaux recycl\u00e9s","isPartOf":{"@id":"https:\/\/www.fastfeetgrinded.eu\/fr\/#website"},"datePublished":"2025-01-03T10:17:13+00:00","dateModified":"2025-01-03T10:18:36+00:00","description":"Nous recyclons 100 % des chaussures gr\u00e2ce \u00e0 notre technologie avanc\u00e9e et livrons des mat\u00e9riaux comme le caoutchouc, le textile et le cuir.","breadcrumb":{"@id":"https:\/\/www.fastfeetgrinded.eu\/fr\/ressources\/#breadcrumb"},"inLanguage":"fr-FR","potentialAction":[{"@type":"ReadAction","target":["https:\/\/www.fastfeetgrinded.eu\/fr\/ressources\/"]}]},{"@type":"BreadcrumbList","@id":"https:\/\/www.fastfeetgrinded.eu\/fr\/ressources\/#breadcrumb","itemListElement":[{"@type":"ListItem","position":1,"name":"Home","item":"https:\/\/www.fastfeetgrinded.eu\/fr\/"},{"@type":"ListItem","position":2,"name":"Ressources"}]},{"@type":"WebSite","@id":"https:\/\/www.fastfeetgrinded.eu\/fr\/#website","url":"https:\/\/www.fastfeetgrinded.eu\/fr\/","name":"Fast Feet Grinded","description":"Waste managament solutions","publisher":{"@id":"https:\/\/www.fastfeetgrinded.eu\/fr\/#organization"},"potentialAction":[{"@type":"SearchAction","target":{"@type":"EntryPoint","urlTemplate":"https:\/\/www.fastfeetgrinded.eu\/fr\/?s={search_term_string}"},"query-input":{"@type":"PropertyValueSpecification","valueRequired":true,"valueName":"search_term_string"}}],"inLanguage":"fr-FR"},{"@type":"Organization","@id":"https:\/\/www.fastfeetgrinded.eu\/fr\/#organization","name":"Fast Feet Grinded","url":"https:\/\/www.fastfeetgrinded.eu\/fr\/","logo":{"@type":"ImageObject","inLanguage":"fr-FR","@id":"https:\/\/www.fastfeetgrinded.eu\/fr\/#\/schema\/logo\/image\/","url":"https:\/\/www.fastfeetgrinded.eu\/wp-content\/uploads\/2020\/09\/FastFeetGrinded-Logo-RGB-2022-groen-groen.png","contentUrl":"https:\/\/www.fastfeetgrinded.eu\/wp-content\/uploads\/2020\/09\/FastFeetGrinded-Logo-RGB-2022-groen-groen.png","width":2953,"height":1182,"caption":"Fast Feet Grinded"},"image":{"@id":"https:\/\/www.fastfeetgrinded.eu\/fr\/#\/schema\/logo\/image\/"},"sameAs":["https:\/\/www.facebook.com\/fastfeetgrinded\/","https:\/\/www.linkedin.com\/company\/fastfeetgrinded\/","https:\/\/www.instagram.com\/fastfeetgrinded\/"]}]}},"_links":{"self":[{"href":"https:\/\/www.fastfeetgrinded.eu\/fr\/wp-json\/wp\/v2\/pages\/6761","targetHints":{"allow":["GET"]}}],"collection":[{"href":"https:\/\/www.fastfeetgrinded.eu\/fr\/wp-json\/wp\/v2\/pages"}],"about":[{"href":"https:\/\/www.fastfeetgrinded.eu\/fr\/wp-json\/wp\/v2\/types\/page"}],"author":[{"embeddable":true,"href":"https:\/\/www.fastfeetgrinded.eu\/fr\/wp-json\/wp\/v2\/users\/1"}],"replies":[{"embeddable":true,"href":"https:\/\/www.fastfeetgrinded.eu\/fr\/wp-json\/wp\/v2\/comments?post=6761"}],"version-history":[{"count":3,"href":"https:\/\/www.fastfeetgrinded.eu\/fr\/wp-json\/wp\/v2\/pages\/6761\/revisions"}],"predecessor-version":[{"id":6764,"href":"https:\/\/www.fastfeetgrinded.eu\/fr\/wp-json\/wp\/v2\/pages\/6761\/revisions\/6764"}],"wp:attachment":[{"href":"https:\/\/www.fastfeetgrinded.eu\/fr\/wp-json\/wp\/v2\/media?parent=6761"}],"curies":[{"name":"wp","href":"https:\/\/api.w.org\/{rel}","templated":true}]}}