{"id":7120,"date":"2025-01-03T14:00:00","date_gmt":"2025-01-03T13:00:00","guid":{"rendered":"https:\/\/www.fastfeetgrinded.eu\/?page_id=7120"},"modified":"2025-03-11T11:43:48","modified_gmt":"2025-03-11T10:43:48","slug":"team-bilden","status":"publish","type":"page","link":"https:\/\/www.fastfeetgrinded.eu\/de\/team-bilden\/","title":{"rendered":"Team bilden"},"content":{"rendered":"<div class=\"wpb-content-wrapper\">[vc_row][vc_column][vc_column_text animation_delay=&#8220;0&#8243; css=&#8220;&#8220;]\n<h1 style=\"text-align: center;\"><strong><em>Gemeinsam f\u00fcr eine kreislauff\u00e4hige Zukunft<\/em><\/strong><\/h1>\n[\/vc_column_text]<span class=\"et-gap et-clearfix et-gap-444515\"><\/span>[\/vc_column][\/vc_row][vc_row equal_height=&#8220;yes&#8220; content_placement=&#8220;top&#8220; element_id=&#8220;987277&#8243; css=&#8220;.vc_custom_1696943164777{margin-bottom: 50px !important;}&#8220;][vc_column width=&#8220;1\/2&#8243;][vc_column_text animation_delay=&#8220;0&#8243; css=&#8220;&#8220;]\n<h3>Warum eine Partnerschaft mit FastFeetGrinded?<\/h3>\n<p>Werde Teil einer Bewegung, die die Schuhindustrie zirkul\u00e4r macht und bei der Reduzierung von CO\u2082 hilft. Dabei unterst\u00fctzt FastFeetGrinded Regierungen, Hersteller und Einzelh\u00e4ndler dabei, Verantwortung zu \u00fcbernehmen.[\/vc_column_text]<span class=\"et-gap et-clearfix et-gap-52936\"><\/span>[vc_column_text animation_delay=&#8220;0&#8243; css=&#8220;&#8220;]\n<h3>Messbare Wirkung<\/h3>\n<p>Klare Wirkungsberichte erhalten, die zeigen, welchen Beitrag man leistet:[\/vc_column_text]<span class=\"et-gap et-clearfix et-gap-515219\"><\/span>[vc_column_text animation_delay=&#8220;0&#8243; css=&#8220;&#8220;]\n<ul>\n<li>Erreichte CO2-Reduktion<\/li>\n<li>Kosteneinsparungen<\/li>\n<li>Unterst\u00fctzung von Klimazielen<\/li>\n<\/ul>\n[\/vc_column_text]<span class=\"et-gap et-clearfix et-gap-515219\"><\/span><a id=\"et-button-519049\" class=\"et-button icon-position-left modal-false medium hover-none click-none\" target=\"_self\" href=\"\/de\/kontakt\/#teamup\" data-animation-delay=\"0\" data-parallax=\"false\" data-move=\"false\" data-coordinatex=\"0\" data-coordinatey=\"0\" data-speed=\"10\"><span class=\"hover\"><\/span><span class=\"regular\"><\/span><span class=\"text\">Werden wir ein Team<\/span><\/a>[\/vc_column][vc_column animation_delay=&#8220;0&#8243; width=&#8220;1\/2&#8243; element_id=&#8220;396594&#8243; offset=&#8220;vc_hidden-xs&#8220; crp=&#8220;480:i:i,480-768:i:i,768-1024:i:i,1024-1280:i:i,1280-1366:i:i,1366-1600:i:i,1600-1920:i:i&#8220;][vc_single_image image=&#8220;7123&#8243; img_size=&#8220;full&#8220; css=&#8220;&#8220;][\/vc_column][\/vc_row][vc_row equal_height=&#8220;yes&#8220; content_placement=&#8220;middle&#8220; disable_element=&#8220;yes&#8220; element_id=&#8220;332122&#8243; css=&#8220;.vc_custom_1740730447449{margin-bottom: 50px !important;}&#8220;][vc_column width=&#8220;1\/2&#8243;][vc_single_image image=&#8220;7124&#8243; img_size=&#8220;full&#8220; alignment=&#8220;center&#8220; css=&#8220;.vc_custom_1730390390696{margin-bottom: 20px !important;}&#8220;][\/vc_column][vc_column animation_delay=&#8220;0&#8243; width=&#8220;1\/2&#8243; element_id=&#8220;65875&#8243; offset=&#8220;vc_col-xs-12&#8243; crp=&#8220;480:i:i,480-768:i:i,768-1024:i:i,1024-1280:i:i,1280-1366:i:i,1366-1600:i:i,1600-1920:i:i&#8220;][vc_column_text animation_delay=&#8220;0&#8243; css=&#8220;&#8220;]\n<h3>Drie M\u00f6glichkeiten mit uns zu recyceln:<\/h3>\n[\/vc_column_text]<div class=\"et-separator et-clearfix animate-false solid left horizontal et-separator-381570\" data-delay=\"\"><div class=\"line\"><\/div><\/div><div id=\"et-step-box-container-454720\" class=\"column-2 et-step-box-container\"><div id=\"et-step-box-601529\" class=\"et-step-box et-item\"><div class=\"et-step-box-inner et-item-inner et-clearfix\"><div class=\"et-step-content et-clearfix\"><div class=\"step-dot\"><span class=\"before\"><\/span><\/div><h4 class=\"et-step-box-title\">F\u00fcr neue Anwendungen<\/h4><p class=\"et-step-box-content\">Kaufen Sie recycelte Materialien von uns und entwickeln Sie gemeinsam innovative, nachhaltige Produkte. Die M\u00f6glichkeiten sind grenzenlos.<\/p><\/div><\/div><\/div><div id=\"et-step-box-22680\" class=\"et-step-box et-item\"><div class=\"et-step-box-inner et-item-inner et-clearfix\"><div class=\"et-step-content et-clearfix\"><div class=\"step-dot\"><span class=\"before\"><\/span><\/div><h4 class=\"et-step-box-title\">Mit dir<\/h4><p class=\"et-step-box-content\">Baue deine eigene, von The Footwear Recycling Company lizenzierte Recyclinganlage und verwandle Schuhe in Rohstoffe.<\/p><\/div><\/div><\/div><div id=\"et-step-box-463747\" class=\"et-step-box et-item\"><div class=\"et-step-box-inner et-item-inner et-clearfix\"><div class=\"et-step-content et-clearfix\"><div class=\"step-dot\"><span class=\"before\"><\/span><\/div><h4 class=\"et-step-box-title\">F\u00fcr dich<\/h4><p class=\"et-step-box-content\">FastFeetGrinded \u00fcbernimmt die Aufbereitung deiner Schuhe &#8211; sende uns einfach deine gebrauchten Schuhe und wir erledigen den Rest.<\/p><\/div><\/div><\/div><\/div><div class=\"et-separator et-clearfix animate-false solid left horizontal et-separator-381570\" data-delay=\"\"><div class=\"line\"><\/div><\/div>[\/vc_column][\/vc_row]\n<\/div>","protected":false},"excerpt":{"rendered":"<p>[vc_row][vc_column][vc_column_text animation_delay=&#8220;0&#8243; css=&#8220;&#8220;] Gemeinsam f\u00fcr eine kreislauff\u00e4hige Zukunft [\/vc_column_text][\/vc_column][\/vc_row][vc_row equal_height=&#8220;yes&#8220; content_placement=&#8220;top&#8220; element_id=&#8220;987277&#8243; css=&#8220;.vc_custom_1696943164777{margin-bottom: 50px !important;}&#8220;][vc_column width=&#8220;1\/2&#8243;][vc_column_text animation_delay=&#8220;0&#8243; css=&#8220;&#8220;] Warum eine Partnerschaft mit FastFeetGrinded? Werde Teil einer Bewegung, die die Schuhindustrie zirkul\u00e4r macht und bei der Reduzierung von CO\u2082 hilft. Dabei unterst\u00fctzt FastFeetGrinded Regierungen, Hersteller und Einzelh\u00e4ndler dabei, Verantwortung zu \u00fcbernehmen.[\/vc_column_text][vc_column_text animation_delay=&#8220;0&#8243; css=&#8220;&#8220;] Messbare Wirkung Klare [&hellip;]<\/p>\n","protected":false},"author":1,"featured_media":0,"parent":0,"menu_order":0,"comment_status":"closed","ping_status":"closed","template":"page-vc.php","meta":{"_acf_changed":false,"footnotes":"","_links_to":"","_links_to_target":""},"class_list":["post-7120","page","type-page","status-publish","hentry"],"acf":[],"yoast_head":"<!-- This site is optimized with the Yoast SEO plugin v27.4 - https:\/\/yoast.com\/product\/yoast-seo-wordpress\/ -->\n<title>Team bilden | Fast Feet Grinded<\/title>\n<meta name=\"robots\" content=\"index, follow, max-snippet:-1, max-image-preview:large, max-video-preview:-1\" \/>\n<link rel=\"canonical\" href=\"https:\/\/www.fastfeetgrinded.eu\/de\/team-bilden\/\" \/>\n<meta property=\"og:locale\" content=\"de_DE\" \/>\n<meta property=\"og:type\" content=\"article\" \/>\n<meta property=\"og:title\" content=\"Team bilden | Fast Feet Grinded\" \/>\n<meta property=\"og:description\" content=\"[vc_row][vc_column][vc_column_text animation_delay=&#8220;0&#8243; css=&#8220;&#8220;] Gemeinsam f\u00fcr eine kreislauff\u00e4hige Zukunft [\/vc_column_text][\/vc_column][\/vc_row][vc_row equal_height=&#8220;yes&#8220; content_placement=&#8220;top&#8220; element_id=&#8220;987277&#8243; css=&#8220;.vc_custom_1696943164777{margin-bottom: 50px !important;}&#8220;][vc_column width=&#8220;1\/2&#8243;][vc_column_text animation_delay=&#8220;0&#8243; css=&#8220;&#8220;] Warum eine Partnerschaft mit FastFeetGrinded? Werde Teil einer Bewegung, die die Schuhindustrie zirkul\u00e4r macht und bei der Reduzierung von CO\u2082 hilft. Dabei unterst\u00fctzt FastFeetGrinded Regierungen, Hersteller und Einzelh\u00e4ndler dabei, Verantwortung zu \u00fcbernehmen.[\/vc_column_text][vc_column_text animation_delay=&#8220;0&#8243; css=&#8220;&#8220;] Messbare Wirkung Klare [&hellip;]\" \/>\n<meta property=\"og:url\" content=\"https:\/\/www.fastfeetgrinded.eu\/de\/team-bilden\/\" \/>\n<meta property=\"og:site_name\" content=\"Fast Feet Grinded\" \/>\n<meta property=\"article:publisher\" content=\"https:\/\/www.facebook.com\/fastfeetgrinded\/\" \/>\n<meta property=\"article:modified_time\" content=\"2025-03-11T10:43:48+00:00\" \/>\n<meta name=\"twitter:card\" content=\"summary_large_image\" \/>\n<meta name=\"twitter:label1\" content=\"Gesch\u00e4tzte Lesezeit\" \/>\n\t<meta name=\"twitter:data1\" content=\"2\u00a0Minuten\" \/>\n<script type=\"application\/ld+json\" class=\"yoast-schema-graph\">{\"@context\":\"https:\\\/\\\/schema.org\",\"@graph\":[{\"@type\":\"WebPage\",\"@id\":\"https:\\\/\\\/www.fastfeetgrinded.eu\\\/de\\\/team-bilden\\\/\",\"url\":\"https:\\\/\\\/www.fastfeetgrinded.eu\\\/de\\\/team-bilden\\\/\",\"name\":\"Team bilden | Fast Feet Grinded\",\"isPartOf\":{\"@id\":\"https:\\\/\\\/www.fastfeetgrinded.eu\\\/de\\\/#website\"},\"datePublished\":\"2025-01-03T13:00:00+00:00\",\"dateModified\":\"2025-03-11T10:43:48+00:00\",\"breadcrumb\":{\"@id\":\"https:\\\/\\\/www.fastfeetgrinded.eu\\\/de\\\/team-bilden\\\/#breadcrumb\"},\"inLanguage\":\"de\",\"potentialAction\":[{\"@type\":\"ReadAction\",\"target\":[\"https:\\\/\\\/www.fastfeetgrinded.eu\\\/de\\\/team-bilden\\\/\"]}]},{\"@type\":\"BreadcrumbList\",\"@id\":\"https:\\\/\\\/www.fastfeetgrinded.eu\\\/de\\\/team-bilden\\\/#breadcrumb\",\"itemListElement\":[{\"@type\":\"ListItem\",\"position\":1,\"name\":\"Home\",\"item\":\"https:\\\/\\\/www.fastfeetgrinded.eu\\\/de\\\/\"},{\"@type\":\"ListItem\",\"position\":2,\"name\":\"Team bilden\"}]},{\"@type\":\"WebSite\",\"@id\":\"https:\\\/\\\/www.fastfeetgrinded.eu\\\/de\\\/#website\",\"url\":\"https:\\\/\\\/www.fastfeetgrinded.eu\\\/de\\\/\",\"name\":\"Fast Feet Grinded\",\"description\":\"Waste managament solutions\",\"publisher\":{\"@id\":\"https:\\\/\\\/www.fastfeetgrinded.eu\\\/de\\\/#organization\"},\"potentialAction\":[{\"@type\":\"SearchAction\",\"target\":{\"@type\":\"EntryPoint\",\"urlTemplate\":\"https:\\\/\\\/www.fastfeetgrinded.eu\\\/de\\\/?s={search_term_string}\"},\"query-input\":{\"@type\":\"PropertyValueSpecification\",\"valueRequired\":true,\"valueName\":\"search_term_string\"}}],\"inLanguage\":\"de\"},{\"@type\":\"Organization\",\"@id\":\"https:\\\/\\\/www.fastfeetgrinded.eu\\\/de\\\/#organization\",\"name\":\"Fast Feet Grinded\",\"url\":\"https:\\\/\\\/www.fastfeetgrinded.eu\\\/de\\\/\",\"logo\":{\"@type\":\"ImageObject\",\"inLanguage\":\"de\",\"@id\":\"https:\\\/\\\/www.fastfeetgrinded.eu\\\/de\\\/#\\\/schema\\\/logo\\\/image\\\/\",\"url\":\"https:\\\/\\\/www.fastfeetgrinded.eu\\\/wp-content\\\/uploads\\\/2020\\\/09\\\/FastFeetGrinded-Logo-RGB-2022-groen-groen.png\",\"contentUrl\":\"https:\\\/\\\/www.fastfeetgrinded.eu\\\/wp-content\\\/uploads\\\/2020\\\/09\\\/FastFeetGrinded-Logo-RGB-2022-groen-groen.png\",\"width\":2953,\"height\":1182,\"caption\":\"Fast Feet Grinded\"},\"image\":{\"@id\":\"https:\\\/\\\/www.fastfeetgrinded.eu\\\/de\\\/#\\\/schema\\\/logo\\\/image\\\/\"},\"sameAs\":[\"https:\\\/\\\/www.facebook.com\\\/fastfeetgrinded\\\/\",\"https:\\\/\\\/www.linkedin.com\\\/company\\\/fastfeetgrinded\\\/\",\"https:\\\/\\\/www.instagram.com\\\/fastfeetgrinded\\\/\"]}]}<\/script>\n<!-- \/ Yoast SEO plugin. -->","yoast_head_json":{"title":"Team bilden | Fast Feet Grinded","robots":{"index":"index","follow":"follow","max-snippet":"max-snippet:-1","max-image-preview":"max-image-preview:large","max-video-preview":"max-video-preview:-1"},"canonical":"https:\/\/www.fastfeetgrinded.eu\/de\/team-bilden\/","og_locale":"de_DE","og_type":"article","og_title":"Team bilden | Fast Feet Grinded","og_description":"[vc_row][vc_column][vc_column_text animation_delay=&#8220;0&#8243; css=&#8220;&#8220;] Gemeinsam f\u00fcr eine kreislauff\u00e4hige Zukunft [\/vc_column_text][\/vc_column][\/vc_row][vc_row equal_height=&#8220;yes&#8220; content_placement=&#8220;top&#8220; element_id=&#8220;987277&#8243; css=&#8220;.vc_custom_1696943164777{margin-bottom: 50px !important;}&#8220;][vc_column width=&#8220;1\/2&#8243;][vc_column_text animation_delay=&#8220;0&#8243; css=&#8220;&#8220;] Warum eine Partnerschaft mit FastFeetGrinded? Werde Teil einer Bewegung, die die Schuhindustrie zirkul\u00e4r macht und bei der Reduzierung von CO\u2082 hilft. Dabei unterst\u00fctzt FastFeetGrinded Regierungen, Hersteller und Einzelh\u00e4ndler dabei, Verantwortung zu \u00fcbernehmen.[\/vc_column_text][vc_column_text animation_delay=&#8220;0&#8243; css=&#8220;&#8220;] Messbare Wirkung Klare [&hellip;]","og_url":"https:\/\/www.fastfeetgrinded.eu\/de\/team-bilden\/","og_site_name":"Fast Feet Grinded","article_publisher":"https:\/\/www.facebook.com\/fastfeetgrinded\/","article_modified_time":"2025-03-11T10:43:48+00:00","twitter_card":"summary_large_image","twitter_misc":{"Gesch\u00e4tzte Lesezeit":"2\u00a0Minuten"},"schema":{"@context":"https:\/\/schema.org","@graph":[{"@type":"WebPage","@id":"https:\/\/www.fastfeetgrinded.eu\/de\/team-bilden\/","url":"https:\/\/www.fastfeetgrinded.eu\/de\/team-bilden\/","name":"Team bilden | Fast Feet Grinded","isPartOf":{"@id":"https:\/\/www.fastfeetgrinded.eu\/de\/#website"},"datePublished":"2025-01-03T13:00:00+00:00","dateModified":"2025-03-11T10:43:48+00:00","breadcrumb":{"@id":"https:\/\/www.fastfeetgrinded.eu\/de\/team-bilden\/#breadcrumb"},"inLanguage":"de","potentialAction":[{"@type":"ReadAction","target":["https:\/\/www.fastfeetgrinded.eu\/de\/team-bilden\/"]}]},{"@type":"BreadcrumbList","@id":"https:\/\/www.fastfeetgrinded.eu\/de\/team-bilden\/#breadcrumb","itemListElement":[{"@type":"ListItem","position":1,"name":"Home","item":"https:\/\/www.fastfeetgrinded.eu\/de\/"},{"@type":"ListItem","position":2,"name":"Team bilden"}]},{"@type":"WebSite","@id":"https:\/\/www.fastfeetgrinded.eu\/de\/#website","url":"https:\/\/www.fastfeetgrinded.eu\/de\/","name":"Fast Feet Grinded","description":"Waste managament solutions","publisher":{"@id":"https:\/\/www.fastfeetgrinded.eu\/de\/#organization"},"potentialAction":[{"@type":"SearchAction","target":{"@type":"EntryPoint","urlTemplate":"https:\/\/www.fastfeetgrinded.eu\/de\/?s={search_term_string}"},"query-input":{"@type":"PropertyValueSpecification","valueRequired":true,"valueName":"search_term_string"}}],"inLanguage":"de"},{"@type":"Organization","@id":"https:\/\/www.fastfeetgrinded.eu\/de\/#organization","name":"Fast Feet Grinded","url":"https:\/\/www.fastfeetgrinded.eu\/de\/","logo":{"@type":"ImageObject","inLanguage":"de","@id":"https:\/\/www.fastfeetgrinded.eu\/de\/#\/schema\/logo\/image\/","url":"https:\/\/www.fastfeetgrinded.eu\/wp-content\/uploads\/2020\/09\/FastFeetGrinded-Logo-RGB-2022-groen-groen.png","contentUrl":"https:\/\/www.fastfeetgrinded.eu\/wp-content\/uploads\/2020\/09\/FastFeetGrinded-Logo-RGB-2022-groen-groen.png","width":2953,"height":1182,"caption":"Fast Feet Grinded"},"image":{"@id":"https:\/\/www.fastfeetgrinded.eu\/de\/#\/schema\/logo\/image\/"},"sameAs":["https:\/\/www.facebook.com\/fastfeetgrinded\/","https:\/\/www.linkedin.com\/company\/fastfeetgrinded\/","https:\/\/www.instagram.com\/fastfeetgrinded\/"]}]}},"_links":{"self":[{"href":"https:\/\/www.fastfeetgrinded.eu\/de\/wp-json\/wp\/v2\/pages\/7120","targetHints":{"allow":["GET"]}}],"collection":[{"href":"https:\/\/www.fastfeetgrinded.eu\/de\/wp-json\/wp\/v2\/pages"}],"about":[{"href":"https:\/\/www.fastfeetgrinded.eu\/de\/wp-json\/wp\/v2\/types\/page"}],"author":[{"embeddable":true,"href":"https:\/\/www.fastfeetgrinded.eu\/de\/wp-json\/wp\/v2\/users\/1"}],"replies":[{"embeddable":true,"href":"https:\/\/www.fastfeetgrinded.eu\/de\/wp-json\/wp\/v2\/comments?post=7120"}],"version-history":[{"count":6,"href":"https:\/\/www.fastfeetgrinded.eu\/de\/wp-json\/wp\/v2\/pages\/7120\/revisions"}],"predecessor-version":[{"id":7246,"href":"https:\/\/www.fastfeetgrinded.eu\/de\/wp-json\/wp\/v2\/pages\/7120\/revisions\/7246"}],"wp:attachment":[{"href":"https:\/\/www.fastfeetgrinded.eu\/de\/wp-json\/wp\/v2\/media?parent=7120"}],"curies":[{"name":"wp","href":"https:\/\/api.w.org\/{rel}","templated":true}]}}