{"id":6985,"date":"2025-01-03T13:44:22","date_gmt":"2025-01-03T12:44:22","guid":{"rendered":"https:\/\/www.fastfeetgrinded.eu\/?page_id=6985"},"modified":"2025-01-03T13:50:47","modified_gmt":"2025-01-03T12:50:47","slug":"produkte","status":"publish","type":"page","link":"https:\/\/www.fastfeetgrinded.eu\/de\/produkte\/","title":{"rendered":"Produkte"},"content":{"rendered":"<div class=\"wpb-content-wrapper\">[vc_row][vc_column][vc_column_text animation_delay=&#8220;0&#8243; css=&#8220;&#8220;]\n<h1 style=\"text-align: center;\"><em>Hergestellt aus recycelten Schuhen<\/em><\/h1>\n[\/vc_column_text]<span class=\"et-gap et-clearfix et-gap-808681\"><\/span>[\/vc_column][\/vc_row][vc_row][vc_column width=&#8220;1\/2&#8243;][vc_single_image image=&#8220;7018&#8243; img_size=&#8220;full&#8220; add_caption=&#8220;yes&#8220; onclick=&#8220;custom_link&#8220; css_animation=&#8220;none&#8220; css=&#8220;&#8220; link=&#8220;\/de\/produkte\/schuhe&#8220;]<span class=\"et-gap et-clearfix et-gap-679060\"><\/span>[\/vc_column][vc_column width=&#8220;1\/2&#8243;][vc_single_image image=&#8220;7025&#8243; img_size=&#8220;full&#8220; onclick=&#8220;custom_link&#8220; css_animation=&#8220;none&#8220; css=&#8220;&#8220; link=&#8220;\/de\/produkte\/pos-materialien&#8220;]<span class=\"et-gap et-clearfix et-gap-679060\"><\/span>[\/vc_column][\/vc_row][vc_row][vc_column width=&#8220;1\/2&#8243;][vc_single_image image=&#8220;7031&#8243; img_size=&#8220;full&#8220; add_caption=&#8220;yes&#8220; onclick=&#8220;custom_link&#8220; css_animation=&#8220;none&#8220; css=&#8220;&#8220; link=&#8220;\/de\/produkte\/moebel&#8220;]<span class=\"et-gap et-clearfix et-gap-679060\"><\/span>[\/vc_column][vc_column width=&#8220;1\/2&#8243;][vc_single_image image=&#8220;7037&#8243; img_size=&#8220;full&#8220; onclick=&#8220;custom_link&#8220; css_animation=&#8220;none&#8220; css=&#8220;&#8220; link=&#8220;\/de\/produkte\/sport&#8220;]<span class=\"et-gap et-clearfix et-gap-679060\"><\/span>[\/vc_column][\/vc_row][vc_row][vc_column width=&#8220;1\/2&#8243;][vc_single_image image=&#8220;7043&#8243; img_size=&#8220;full&#8220; add_caption=&#8220;yes&#8220; onclick=&#8220;custom_link&#8220; css_animation=&#8220;none&#8220; css=&#8220;&#8220; link=&#8220;\/de\/produkte\/andere-produkte&#8220;]<span class=\"et-gap et-clearfix et-gap-679060\"><\/span>[\/vc_column][\/vc_row][vc_row disable_element=&#8220;yes&#8220; element_id=&#8220;843183&#8243;][vc_column][vc_column_text animation_delay=&#8220;0&#8243; css=&#8220;&#8220;]\n<h3>Furniture<\/h3>\n[\/vc_column_text][vc_media_grid element_width=&#8220;3&#8243; css=&#8220;&#8220; initial_loading_animation=&#8220;none&#8220; grid_id=&#8220;vc_gid:1735908636627-e0f0488c-ea57-3&#8243; include=&#8220;6987,7003,7004&#8243;]<span class=\"et-gap et-clearfix et-gap-229286\"><\/span>[\/vc_column][\/vc_row][vc_row disable_element=&#8220;yes&#8220; element_id=&#8220;457763&#8243;][vc_column][vc_column_text animation_delay=&#8220;0&#8243; css=&#8220;&#8220;]\n<h3>Footwear<\/h3>\n[\/vc_column_text][\/vc_column][\/vc_row]\n<\/div>","protected":false},"excerpt":{"rendered":"<p>[vc_row][vc_column][vc_column_text animation_delay=&#8220;0&#8243; css=&#8220;&#8220;] Hergestellt aus recycelten Schuhen [\/vc_column_text][\/vc_column][\/vc_row][vc_row][vc_column width=&#8220;1\/2&#8243;][vc_single_image image=&#8220;7018&#8243; img_size=&#8220;full&#8220; add_caption=&#8220;yes&#8220; onclick=&#8220;custom_link&#8220; css_animation=&#8220;none&#8220; css=&#8220;&#8220; link=&#8220;\/de\/produkte\/schuhe&#8220;][\/vc_column][vc_column width=&#8220;1\/2&#8243;][vc_single_image image=&#8220;7025&#8243; img_size=&#8220;full&#8220; onclick=&#8220;custom_link&#8220; css_animation=&#8220;none&#8220; css=&#8220;&#8220; link=&#8220;\/de\/produkte\/pos-materialien&#8220;][\/vc_column][\/vc_row][vc_row][vc_column width=&#8220;1\/2&#8243;][vc_single_image image=&#8220;7031&#8243; img_size=&#8220;full&#8220; add_caption=&#8220;yes&#8220; onclick=&#8220;custom_link&#8220; css_animation=&#8220;none&#8220; css=&#8220;&#8220; link=&#8220;\/de\/produkte\/moebel&#8220;][\/vc_column][vc_column width=&#8220;1\/2&#8243;][vc_single_image image=&#8220;7037&#8243; img_size=&#8220;full&#8220; onclick=&#8220;custom_link&#8220; css_animation=&#8220;none&#8220; css=&#8220;&#8220; link=&#8220;\/de\/produkte\/sport&#8220;][\/vc_column][\/vc_row][vc_row][vc_column width=&#8220;1\/2&#8243;][vc_single_image image=&#8220;7043&#8243; img_size=&#8220;full&#8220; add_caption=&#8220;yes&#8220; onclick=&#8220;custom_link&#8220; css_animation=&#8220;none&#8220; css=&#8220;&#8220; link=&#8220;\/de\/produkte\/andere-produkte&#8220;][\/vc_column][\/vc_row][vc_row disable_element=&#8220;yes&#8220; element_id=&#8220;843183&#8243;][vc_column][vc_column_text animation_delay=&#8220;0&#8243; css=&#8220;&#8220;] Furniture [\/vc_column_text][vc_media_grid element_width=&#8220;3&#8243; css=&#8220;&#8220; initial_loading_animation=&#8220;none&#8220; [&hellip;]<\/p>\n","protected":false},"author":1,"featured_media":0,"parent":0,"menu_order":0,"comment_status":"closed","ping_status":"closed","template":"page-vc.php","meta":{"_acf_changed":false,"footnotes":"","_links_to":"","_links_to_target":""},"class_list":["post-6985","page","type-page","status-publish","hentry"],"acf":[],"yoast_head":"<!-- This site is optimized with the Yoast SEO plugin v27.4 - https:\/\/yoast.com\/product\/yoast-seo-wordpress\/ -->\n<title>Wir recyceln Schuhe | FastFeetGrinded - Produkte<\/title>\n<meta name=\"description\" content=\"Unsere innovativen Produkte aus recycelten Schuhen: Bodenbel\u00e4ge, M\u00f6bel, POS-Materialien und andere nachhaltige L\u00f6sungen\" \/>\n<meta name=\"robots\" content=\"index, follow, max-snippet:-1, max-image-preview:large, max-video-preview:-1\" \/>\n<link rel=\"canonical\" href=\"https:\/\/www.fastfeetgrinded.eu\/de\/produkte\/\" \/>\n<meta property=\"og:locale\" content=\"de_DE\" \/>\n<meta property=\"og:type\" content=\"article\" \/>\n<meta property=\"og:title\" content=\"Wir recyceln Schuhe | FastFeetGrinded - Produkte\" \/>\n<meta property=\"og:description\" content=\"Unsere innovativen Produkte aus recycelten Schuhen: Bodenbel\u00e4ge, M\u00f6bel, POS-Materialien und andere nachhaltige L\u00f6sungen\" \/>\n<meta property=\"og:url\" content=\"https:\/\/www.fastfeetgrinded.eu\/de\/produkte\/\" \/>\n<meta property=\"og:site_name\" content=\"Fast Feet Grinded\" \/>\n<meta property=\"article:publisher\" content=\"https:\/\/www.facebook.com\/fastfeetgrinded\/\" \/>\n<meta property=\"article:modified_time\" content=\"2025-01-03T12:50:47+00:00\" \/>\n<meta name=\"twitter:card\" content=\"summary_large_image\" \/>\n<meta name=\"twitter:label1\" content=\"Gesch\u00e4tzte Lesezeit\" \/>\n\t<meta name=\"twitter:data1\" content=\"2\u00a0Minuten\" \/>\n<script type=\"application\/ld+json\" class=\"yoast-schema-graph\">{\"@context\":\"https:\\\/\\\/schema.org\",\"@graph\":[{\"@type\":\"WebPage\",\"@id\":\"https:\\\/\\\/www.fastfeetgrinded.eu\\\/de\\\/produkte\\\/\",\"url\":\"https:\\\/\\\/www.fastfeetgrinded.eu\\\/de\\\/produkte\\\/\",\"name\":\"Wir recyceln Schuhe | FastFeetGrinded - Produkte\",\"isPartOf\":{\"@id\":\"https:\\\/\\\/www.fastfeetgrinded.eu\\\/de\\\/#website\"},\"datePublished\":\"2025-01-03T12:44:22+00:00\",\"dateModified\":\"2025-01-03T12:50:47+00:00\",\"description\":\"Unsere innovativen Produkte aus recycelten Schuhen: Bodenbel\u00e4ge, M\u00f6bel, POS-Materialien und andere nachhaltige L\u00f6sungen\",\"breadcrumb\":{\"@id\":\"https:\\\/\\\/www.fastfeetgrinded.eu\\\/de\\\/produkte\\\/#breadcrumb\"},\"inLanguage\":\"de\",\"potentialAction\":[{\"@type\":\"ReadAction\",\"target\":[\"https:\\\/\\\/www.fastfeetgrinded.eu\\\/de\\\/produkte\\\/\"]}]},{\"@type\":\"BreadcrumbList\",\"@id\":\"https:\\\/\\\/www.fastfeetgrinded.eu\\\/de\\\/produkte\\\/#breadcrumb\",\"itemListElement\":[{\"@type\":\"ListItem\",\"position\":1,\"name\":\"Home\",\"item\":\"https:\\\/\\\/www.fastfeetgrinded.eu\\\/de\\\/\"},{\"@type\":\"ListItem\",\"position\":2,\"name\":\"Produkte\"}]},{\"@type\":\"WebSite\",\"@id\":\"https:\\\/\\\/www.fastfeetgrinded.eu\\\/de\\\/#website\",\"url\":\"https:\\\/\\\/www.fastfeetgrinded.eu\\\/de\\\/\",\"name\":\"Fast Feet Grinded\",\"description\":\"Waste managament solutions\",\"publisher\":{\"@id\":\"https:\\\/\\\/www.fastfeetgrinded.eu\\\/de\\\/#organization\"},\"potentialAction\":[{\"@type\":\"SearchAction\",\"target\":{\"@type\":\"EntryPoint\",\"urlTemplate\":\"https:\\\/\\\/www.fastfeetgrinded.eu\\\/de\\\/?s={search_term_string}\"},\"query-input\":{\"@type\":\"PropertyValueSpecification\",\"valueRequired\":true,\"valueName\":\"search_term_string\"}}],\"inLanguage\":\"de\"},{\"@type\":\"Organization\",\"@id\":\"https:\\\/\\\/www.fastfeetgrinded.eu\\\/de\\\/#organization\",\"name\":\"Fast Feet Grinded\",\"url\":\"https:\\\/\\\/www.fastfeetgrinded.eu\\\/de\\\/\",\"logo\":{\"@type\":\"ImageObject\",\"inLanguage\":\"de\",\"@id\":\"https:\\\/\\\/www.fastfeetgrinded.eu\\\/de\\\/#\\\/schema\\\/logo\\\/image\\\/\",\"url\":\"https:\\\/\\\/www.fastfeetgrinded.eu\\\/wp-content\\\/uploads\\\/2020\\\/09\\\/FastFeetGrinded-Logo-RGB-2022-groen-groen.png\",\"contentUrl\":\"https:\\\/\\\/www.fastfeetgrinded.eu\\\/wp-content\\\/uploads\\\/2020\\\/09\\\/FastFeetGrinded-Logo-RGB-2022-groen-groen.png\",\"width\":2953,\"height\":1182,\"caption\":\"Fast Feet Grinded\"},\"image\":{\"@id\":\"https:\\\/\\\/www.fastfeetgrinded.eu\\\/de\\\/#\\\/schema\\\/logo\\\/image\\\/\"},\"sameAs\":[\"https:\\\/\\\/www.facebook.com\\\/fastfeetgrinded\\\/\",\"https:\\\/\\\/www.linkedin.com\\\/company\\\/fastfeetgrinded\\\/\",\"https:\\\/\\\/www.instagram.com\\\/fastfeetgrinded\\\/\"]}]}<\/script>\n<!-- \/ Yoast SEO plugin. -->","yoast_head_json":{"title":"Wir recyceln Schuhe | FastFeetGrinded - Produkte","description":"Unsere innovativen Produkte aus recycelten Schuhen: Bodenbel\u00e4ge, M\u00f6bel, POS-Materialien und andere nachhaltige L\u00f6sungen","robots":{"index":"index","follow":"follow","max-snippet":"max-snippet:-1","max-image-preview":"max-image-preview:large","max-video-preview":"max-video-preview:-1"},"canonical":"https:\/\/www.fastfeetgrinded.eu\/de\/produkte\/","og_locale":"de_DE","og_type":"article","og_title":"Wir recyceln Schuhe | FastFeetGrinded - Produkte","og_description":"Unsere innovativen Produkte aus recycelten Schuhen: Bodenbel\u00e4ge, M\u00f6bel, POS-Materialien und andere nachhaltige L\u00f6sungen","og_url":"https:\/\/www.fastfeetgrinded.eu\/de\/produkte\/","og_site_name":"Fast Feet Grinded","article_publisher":"https:\/\/www.facebook.com\/fastfeetgrinded\/","article_modified_time":"2025-01-03T12:50:47+00:00","twitter_card":"summary_large_image","twitter_misc":{"Gesch\u00e4tzte Lesezeit":"2\u00a0Minuten"},"schema":{"@context":"https:\/\/schema.org","@graph":[{"@type":"WebPage","@id":"https:\/\/www.fastfeetgrinded.eu\/de\/produkte\/","url":"https:\/\/www.fastfeetgrinded.eu\/de\/produkte\/","name":"Wir recyceln Schuhe | FastFeetGrinded - Produkte","isPartOf":{"@id":"https:\/\/www.fastfeetgrinded.eu\/de\/#website"},"datePublished":"2025-01-03T12:44:22+00:00","dateModified":"2025-01-03T12:50:47+00:00","description":"Unsere innovativen Produkte aus recycelten Schuhen: Bodenbel\u00e4ge, M\u00f6bel, POS-Materialien und andere nachhaltige L\u00f6sungen","breadcrumb":{"@id":"https:\/\/www.fastfeetgrinded.eu\/de\/produkte\/#breadcrumb"},"inLanguage":"de","potentialAction":[{"@type":"ReadAction","target":["https:\/\/www.fastfeetgrinded.eu\/de\/produkte\/"]}]},{"@type":"BreadcrumbList","@id":"https:\/\/www.fastfeetgrinded.eu\/de\/produkte\/#breadcrumb","itemListElement":[{"@type":"ListItem","position":1,"name":"Home","item":"https:\/\/www.fastfeetgrinded.eu\/de\/"},{"@type":"ListItem","position":2,"name":"Produkte"}]},{"@type":"WebSite","@id":"https:\/\/www.fastfeetgrinded.eu\/de\/#website","url":"https:\/\/www.fastfeetgrinded.eu\/de\/","name":"Fast Feet Grinded","description":"Waste managament solutions","publisher":{"@id":"https:\/\/www.fastfeetgrinded.eu\/de\/#organization"},"potentialAction":[{"@type":"SearchAction","target":{"@type":"EntryPoint","urlTemplate":"https:\/\/www.fastfeetgrinded.eu\/de\/?s={search_term_string}"},"query-input":{"@type":"PropertyValueSpecification","valueRequired":true,"valueName":"search_term_string"}}],"inLanguage":"de"},{"@type":"Organization","@id":"https:\/\/www.fastfeetgrinded.eu\/de\/#organization","name":"Fast Feet Grinded","url":"https:\/\/www.fastfeetgrinded.eu\/de\/","logo":{"@type":"ImageObject","inLanguage":"de","@id":"https:\/\/www.fastfeetgrinded.eu\/de\/#\/schema\/logo\/image\/","url":"https:\/\/www.fastfeetgrinded.eu\/wp-content\/uploads\/2020\/09\/FastFeetGrinded-Logo-RGB-2022-groen-groen.png","contentUrl":"https:\/\/www.fastfeetgrinded.eu\/wp-content\/uploads\/2020\/09\/FastFeetGrinded-Logo-RGB-2022-groen-groen.png","width":2953,"height":1182,"caption":"Fast Feet Grinded"},"image":{"@id":"https:\/\/www.fastfeetgrinded.eu\/de\/#\/schema\/logo\/image\/"},"sameAs":["https:\/\/www.facebook.com\/fastfeetgrinded\/","https:\/\/www.linkedin.com\/company\/fastfeetgrinded\/","https:\/\/www.instagram.com\/fastfeetgrinded\/"]}]}},"_links":{"self":[{"href":"https:\/\/www.fastfeetgrinded.eu\/de\/wp-json\/wp\/v2\/pages\/6985","targetHints":{"allow":["GET"]}}],"collection":[{"href":"https:\/\/www.fastfeetgrinded.eu\/de\/wp-json\/wp\/v2\/pages"}],"about":[{"href":"https:\/\/www.fastfeetgrinded.eu\/de\/wp-json\/wp\/v2\/types\/page"}],"author":[{"embeddable":true,"href":"https:\/\/www.fastfeetgrinded.eu\/de\/wp-json\/wp\/v2\/users\/1"}],"replies":[{"embeddable":true,"href":"https:\/\/www.fastfeetgrinded.eu\/de\/wp-json\/wp\/v2\/comments?post=6985"}],"version-history":[{"count":5,"href":"https:\/\/www.fastfeetgrinded.eu\/de\/wp-json\/wp\/v2\/pages\/6985\/revisions"}],"predecessor-version":[{"id":7095,"href":"https:\/\/www.fastfeetgrinded.eu\/de\/wp-json\/wp\/v2\/pages\/6985\/revisions\/7095"}],"wp:attachment":[{"href":"https:\/\/www.fastfeetgrinded.eu\/de\/wp-json\/wp\/v2\/media?parent=6985"}],"curies":[{"name":"wp","href":"https:\/\/api.w.org\/{rel}","templated":true}]}}